{"id":858,"date":"2021-03-10T20:25:43","date_gmt":"2021-03-10T19:25:43","guid":{"rendered":"https:\/\/pleine-conscience.marie-collard.be\/?page_id=858"},"modified":"2026-01-23T13:08:06","modified_gmt":"2026-01-23T12:08:06","slug":"reduction-du-stress-basee-sur-la-pleine-conscience","status":"publish","type":"page","link":"https:\/\/pleine-conscience.marie-collard.be\/index.php\/reduction-du-stress-basee-sur-la-pleine-conscience\/","title":{"rendered":"R\u00e9duction du stress bas\u00e9e sur la pleine conscience"},"content":{"rendered":"\n<p><\/p>\n\n\n<div class=\"wp-block-image\">\n<figure class=\"aligncenter size-large is-resized\"><img decoding=\"async\" width=\"1008\" height=\"526\" data-src=\"https:\/\/pleine-conscience.marie-collard.be\/wp-content\/uploads\/2022\/03\/MarieMBR.png\" alt=\"\" class=\"wp-image-1424 lazyload\" style=\"--smush-placeholder-width: 1008px; --smush-placeholder-aspect-ratio: 1008\/526;width:327px;height:170px\" data-srcset=\"https:\/\/pleine-conscience.marie-collard.be\/wp-content\/uploads\/2022\/03\/MarieMBR.png 1008w, https:\/\/pleine-conscience.marie-collard.be\/wp-content\/uploads\/2022\/03\/MarieMBR-300x157.png 300w, https:\/\/pleine-conscience.marie-collard.be\/wp-content\/uploads\/2022\/03\/MarieMBR-768x401.png 768w, https:\/\/pleine-conscience.marie-collard.be\/wp-content\/uploads\/2022\/03\/MarieMBR-350x183.png 350w\" data-sizes=\"(max-width: 706px) 89vw, (max-width: 767px) 82vw, 740px\" src=\"data:image\/svg+xml;base64,PHN2ZyB3aWR0aD0iMSIgaGVpZ2h0PSIxIiB4bWxucz0iaHR0cDovL3d3dy53My5vcmcvMjAwMC9zdmciPjwvc3ZnPg==\" \/><\/figure>\n<\/div>\n\n\n<p class=\"has-text-align-justify\">Le programme MBSR (<em>Mindfulness-Based Stress Reduction<\/em>) invite \u00e0 vivre une vie plus saine ou mieux adapt\u00e9e pour celui qui s\u2019y engage. Il est  structur\u00e9 et progressif. La pratique r\u00e9guli\u00e8re de la pleine conscience am\u00e8ne \u00e0 <strong>mieux se connaitre<\/strong>, \u00e0 <strong>d\u00e9couvrir les autres<\/strong>, \u00e0 <strong>apaiser son stress <\/strong>et<strong>  g\u00e9rer ses \u00e9motions<\/strong>, et finalement \u00e0 <strong>davantage de s\u00e9r\u00e9nit\u00e9<\/strong>.<\/p>\n\n\n\n<br>\n\n\n\n<p><strong>Prochain cycle : automne 2026 <\/strong><\/p>\n\n\n\n<div class=\"wp-block-buttons is-content-justification-center is-layout-flex wp-container-core-buttons-is-layout-16018d1d wp-block-buttons-is-layout-flex\">\n<div class=\"wp-block-button\"><a class=\"wp-block-button__link wp-element-button\" href=\"https:\/\/pleine-conscience.marie-collard.be\/index.php\/inscription-a-la-soiree-dinformation-du-programme-mbsr\/\" target=\"_blank\" rel=\"noreferrer noopener\">Me tenir au courant de la prochaine soir\u00e9e d&rsquo;information<\/a><\/div>\n<\/div>\n\n\n\n<br>\n\n\n\n<div class=\"wp-block-media-text alignwide is-stacked-on-mobile\" style=\"grid-template-columns:30% auto\"><figure class=\"wp-block-media-text__media\"><img decoding=\"async\" width=\"1024\" height=\"768\" data-src=\"https:\/\/pleine-conscience.marie-collard.be\/wp-content\/uploads\/2022\/03\/IMG_20220302_145138-01-1-1024x768.jpeg\" alt=\"\" class=\"wp-image-1427 size-full lazyload\" data-srcset=\"https:\/\/pleine-conscience.marie-collard.be\/wp-content\/uploads\/2022\/03\/IMG_20220302_145138-01-1-1024x768.jpeg 1024w, https:\/\/pleine-conscience.marie-collard.be\/wp-content\/uploads\/2022\/03\/IMG_20220302_145138-01-1-300x225.jpeg 300w, https:\/\/pleine-conscience.marie-collard.be\/wp-content\/uploads\/2022\/03\/IMG_20220302_145138-01-1-768x576.jpeg 768w, https:\/\/pleine-conscience.marie-collard.be\/wp-content\/uploads\/2022\/03\/IMG_20220302_145138-01-1-1536x1152.jpeg 1536w, https:\/\/pleine-conscience.marie-collard.be\/wp-content\/uploads\/2022\/03\/IMG_20220302_145138-01-1-2048x1536.jpeg 2048w, https:\/\/pleine-conscience.marie-collard.be\/wp-content\/uploads\/2022\/03\/IMG_20220302_145138-01-1-350x263.jpeg 350w\" data-sizes=\"(max-width: 706px) 89vw, (max-width: 767px) 82vw, 740px\" src=\"data:image\/svg+xml;base64,PHN2ZyB3aWR0aD0iMSIgaGVpZ2h0PSIxIiB4bWxucz0iaHR0cDovL3d3dy53My5vcmcvMjAwMC9zdmciPjwvc3ZnPg==\" style=\"--smush-placeholder-width: 1024px; --smush-placeholder-aspect-ratio: 1024\/768;\" \/><\/figure><div class=\"wp-block-media-text__content\">\n<p class=\"has-text-align-left\"><strong>8 ateliers de 2h30 \u00e0 3h <\/strong> r\u00e9partis sur 8 semaines<\/p>\n\n\n\n<p>+ une journ\u00e9e compl\u00e8te <\/p>\n\n\n\n<p class=\"has-text-align-left\"><strong>Lieu <\/strong>: A d\u00e9finir (r\u00e9gion Perwez)<\/p>\n<\/div><\/div>\n\n\n\n<p><\/p>\n\n\n\n<br>\n\n\n\n<p><strong>Origine <strong>du<\/strong> programme MBSR<\/strong><\/p>\n\n\n\n<p class=\"has-text-align-justify\">Le programme de r\u00e9duction du stress bas\u00e9e sur la pleine conscience a \u00e9t\u00e9 mis au point par le Professeur Jon Kabat-Zinn (Professeur \u00e9m\u00e9rite \u00e0 la Facult\u00e9 de M\u00e9decine de l\u2019Universit\u00e9 du Massachusetts aux Etats-Unis). Ce programme \u00e9ducatif utilise un <strong>entrainement \u00e0 la m\u00e9ditation en pleine conscience<\/strong> afin d\u2019enseigner comment prendre soin de soi et vivre une vie plus saine et plus adapt\u00e9e.<\/p>\n\n\n\n<br>\n<div class=\"show_more\"><p class=\"wpsm-show\" style=\"color: #000000; font-size: 100%; text-align: left;\"> <b>D\u00e9roulement du programme<\/b> <i style='color:#4a9b46' class='fas fa-info-circle'><\/i><\/p><div class=\"wpsm-content\"> \n<p><b>D\u00e9roulement du programme<\/b><\/p>\nApr\u00e8s une s\u00e9ance d\u2019information, le programme de 30h comprend :\n<p>\n<ul style=\"padding-left:20px;\">\n<li>8 s\u00e9ances hebdomadaires (dur\u00e9e 2h30 \u00e0 3h)\n<li>Une journ\u00e9e compl\u00e8te de pratique (entre la 6e et la 7e semaine)\n<li>Des exercices \u00e0 r\u00e9aliser \u00e0 domicile (un manuel et des enregistrements seront fournis)\n<\/ul>\n<\/p>\n<p>\nContenu des s\u00e9ances\n<\/p>\n<p>\n<ul style=\"padding-left:20px;\">\n<li>\tDes pratiques formelles de pleine conscience\n<li>\tDes pratiques informelles\n<li>\tDes contenus didactiques en lien avec le stress, nos perceptions, \u2026\n<li>\tDes temps de r\u00e9flexion et de partage avec le groupe visant \u00e0 soutenir l\u2019apprentissage de chacun\n<\/ul>\n<\/p>\n <p class=\"wpsm-hide\" style=\"color: #000000; font-size: 100%; text-align: left;\"> <\/p><\/div><\/div>\n\n\n\n<p><\/p>\n\n\n\n<br>\n<div class=\"show_more\"><p class=\"wpsm-show\" style=\"color: #000000; font-size: 100%; text-align: left;\"> <b>Conditions de participations<\/b> <i style='color:#4a9b46' class='fas fa-info-circle'><\/i><\/p><div class=\"wpsm-content\"> \n<p><b>Conditions de participations<\/b><\/p>\n<p>\n<ul style=\"padding-left:20px;\">\n<li>S\u2019assurer d\u2019\u00eatre pr\u00e9sent \u00e0 chaque s\u00e9ance et \u00e0 la journ\u00e9e compl\u00e8te afin de progresser selon le rythme propos\u00e9 par le programme\n<li>S\u2019engager dans les exercices \u00e0 domicile propos\u00e9s (environ 1h\/jour) de fa\u00e7on \u00e0 int\u00e9grer la pratique formelle et informelle dans son quotidien.\n<li>S\u2019inscrire et participer \u00e0 la s\u00e9ance d\u2019informations pr\u00e9alable\n<\/ul>\n<\/p>\n <p class=\"wpsm-hide\" style=\"color: #000000; font-size: 100%; text-align: left;\"> <\/p><\/div><\/div>\n\n\n\n<p><\/p>\n\n\n\n<div id=\"note-condition-sanitaire\">&nbsp;<\/div>\n<div class=\"show_more\"><p class=\"wpsm-show\" style=\"color: #000000; font-size: 100%; text-align: left;\"> <b>Tarifs<\/b> <i style=\"color:#4a9b46\" class=\"fas fa-info-circle\"><\/i><\/p><div class=\"wpsm-content\">\n<p><b>Tarifs<\/b><\/p>\n<p>\n350 \u20ac (50\u20ac d&rsquo;acompte lors de la soir\u00e9e d&rsquo;info + 270\u20ac). Ce prix comprend les 8 s\u00e9ances et la journ\u00e9e compl\u00e8te de pratique, les enregistrements, le manuel, la mise \u00e0 disposition du mat\u00e9riel durant les s\u00e9ances et la location de la salle.<br>\nNotez que certaines mutuelles interviennent dans les frais d\u2019inscription au programme MBSR.<br>\n(Possibilit\u00e9 de paiement \u00e9chelonn\u00e9)\n<\/p>\n <p class=\"wpsm-hide\" style=\"color: #000000; font-size: 100%; text-align: left;\"> <\/p><\/div><\/div>\n\n\n\n<p><\/p>\n\n\n\n<br>\n<div class=\"show_more\"><p class=\"wpsm-show\" style=\"color: #000000; font-size: 100%; text-align: left;\"> <b>Pr\u00e9cautions particuli\u00e8res<\/b> <i style='color:#4a9b46' class='fas fa-info-circle'><\/i><\/p><div class=\"wpsm-content\">\n<p><b>Pr\u00e9cautions particuli\u00e8res<\/b><\/p>\n<p>\nCe programme n\u2019est pas indiqu\u00e9 \u00e0 tout le monde ni \u00e0 tous les moments de sa vie, et ne se substitue pas \u00e0 un traitement m\u00e9dical. Une motivation personnelle et une attitude ouverte sont n\u00e9cessaires pour am\u00e9liorer la r\u00e9silience de chacun. Les contre-indications reconnues sont les suivantes : \n<p>\n<ul style=\"padding-left:20px;\">\n<li>D\u00e9pression en phase aig\u00fce ou autre diagnostique psychiatrique majeur\n<li>Syndrome de Stress Post Traumatique\n<li>Phobie sociale\n<li>D\u00e9pendance \u00e0 des substances\n<\/ul>\n<\/p>\n <p class=\"wpsm-hide\" style=\"color: #000000; font-size: 100%; text-align: left;\"> <\/p><\/div><\/div>\n\n\n\n<br>\n\n\n\n<p><\/p>\n","protected":false},"excerpt":{"rendered":"<p>Le programme MBSR (Mindfulness-Based Stress Reduction) invite \u00e0 vivre une vie plus saine ou mieux adapt\u00e9e pour celui qui s\u2019y engage. Il est structur\u00e9 et progressif. La pratique r\u00e9guli\u00e8re de la pleine conscience am\u00e8ne \u00e0 mieux se connaitre, \u00e0 d\u00e9couvrir les autres, \u00e0 apaiser son stress et g\u00e9rer ses \u00e9motions, et finalement \u00e0 davantage de &hellip; <\/p>\n<p class=\"link-more\"><a href=\"https:\/\/pleine-conscience.marie-collard.be\/index.php\/reduction-du-stress-basee-sur-la-pleine-conscience\/\" class=\"more-link\">Continuer la lecture<span class=\"screen-reader-text\"> de &laquo;&nbsp;R\u00e9duction du stress bas\u00e9e sur la pleine conscience&nbsp;&raquo;<\/span><\/a><\/p>\n","protected":false},"author":1,"featured_media":0,"parent":0,"menu_order":0,"comment_status":"closed","ping_status":"closed","template":"","meta":{"footnotes":""},"class_list":["post-858","page","type-page","status-publish","hentry"],"yoast_head":"<!-- This site is optimized with the Yoast SEO plugin v26.6 - https:\/\/yoast.com\/wordpress\/plugins\/seo\/ -->\n<title>R\u00e9duction du stress bas\u00e9e sur la pleine conscience - Marie Collard<\/title>\n<meta name=\"description\" content=\"Programme de 8 semaines, progressif et structur\u00e9, avec des supports audios, pour d\u00e9couvrir comment amener plus de bien-\u00eatre au quotidien\" \/>\n<meta name=\"robots\" content=\"index, follow, max-snippet:-1, max-image-preview:large, max-video-preview:-1\" \/>\n<link rel=\"canonical\" href=\"https:\/\/pleine-conscience.marie-collard.be\/index.php\/reduction-du-stress-basee-sur-la-pleine-conscience\/\" \/>\n<meta property=\"og:locale\" content=\"fr_FR\" \/>\n<meta property=\"og:type\" content=\"article\" \/>\n<meta property=\"og:title\" content=\"R\u00e9duction du stress bas\u00e9e sur la pleine conscience - Marie Collard\" \/>\n<meta property=\"og:description\" content=\"Programme de 8 semaines, progressif et structur\u00e9, avec des supports audios, pour d\u00e9couvrir comment amener plus de bien-\u00eatre au quotidien\" \/>\n<meta property=\"og:url\" content=\"https:\/\/pleine-conscience.marie-collard.be\/index.php\/reduction-du-stress-basee-sur-la-pleine-conscience\/\" \/>\n<meta property=\"og:site_name\" content=\"Marie Collard\" \/>\n<meta property=\"article:modified_time\" content=\"2026-01-23T12:08:06+00:00\" \/>\n<meta property=\"og:image\" content=\"https:\/\/pleine-conscience.marie-collard.be\/wp-content\/uploads\/2022\/03\/MarieMBR.png\" \/>\n\t<meta property=\"og:image:width\" content=\"1008\" \/>\n\t<meta property=\"og:image:height\" content=\"526\" \/>\n\t<meta property=\"og:image:type\" content=\"image\/png\" \/>\n<meta name=\"twitter:card\" content=\"summary_large_image\" \/>\n<meta name=\"twitter:label1\" content=\"Dur\u00e9e de lecture estim\u00e9e\" \/>\n\t<meta name=\"twitter:data1\" content=\"3 minutes\" \/>\n<script type=\"application\/ld+json\" class=\"yoast-schema-graph\">{\"@context\":\"https:\/\/schema.org\",\"@graph\":[{\"@type\":\"WebPage\",\"@id\":\"https:\/\/pleine-conscience.marie-collard.be\/index.php\/reduction-du-stress-basee-sur-la-pleine-conscience\/\",\"url\":\"https:\/\/pleine-conscience.marie-collard.be\/index.php\/reduction-du-stress-basee-sur-la-pleine-conscience\/\",\"name\":\"R\u00e9duction du stress bas\u00e9e sur la pleine conscience - Marie Collard\",\"isPartOf\":{\"@id\":\"https:\/\/pleine-conscience.marie-collard.be\/#website\"},\"primaryImageOfPage\":{\"@id\":\"https:\/\/pleine-conscience.marie-collard.be\/index.php\/reduction-du-stress-basee-sur-la-pleine-conscience\/#primaryimage\"},\"image\":{\"@id\":\"https:\/\/pleine-conscience.marie-collard.be\/index.php\/reduction-du-stress-basee-sur-la-pleine-conscience\/#primaryimage\"},\"thumbnailUrl\":\"https:\/\/pleine-conscience.marie-collard.be\/wp-content\/uploads\/2022\/03\/MarieMBR.png\",\"datePublished\":\"2021-03-10T19:25:43+00:00\",\"dateModified\":\"2026-01-23T12:08:06+00:00\",\"description\":\"Programme de 8 semaines, progressif et structur\u00e9, avec des supports audios, pour d\u00e9couvrir comment amener plus de bien-\u00eatre au quotidien\",\"breadcrumb\":{\"@id\":\"https:\/\/pleine-conscience.marie-collard.be\/index.php\/reduction-du-stress-basee-sur-la-pleine-conscience\/#breadcrumb\"},\"inLanguage\":\"fr-FR\",\"potentialAction\":[{\"@type\":\"ReadAction\",\"target\":[\"https:\/\/pleine-conscience.marie-collard.be\/index.php\/reduction-du-stress-basee-sur-la-pleine-conscience\/\"]}]},{\"@type\":\"ImageObject\",\"inLanguage\":\"fr-FR\",\"@id\":\"https:\/\/pleine-conscience.marie-collard.be\/index.php\/reduction-du-stress-basee-sur-la-pleine-conscience\/#primaryimage\",\"url\":\"https:\/\/pleine-conscience.marie-collard.be\/wp-content\/uploads\/2022\/03\/MarieMBR.png\",\"contentUrl\":\"https:\/\/pleine-conscience.marie-collard.be\/wp-content\/uploads\/2022\/03\/MarieMBR.png\",\"width\":1008,\"height\":526},{\"@type\":\"BreadcrumbList\",\"@id\":\"https:\/\/pleine-conscience.marie-collard.be\/index.php\/reduction-du-stress-basee-sur-la-pleine-conscience\/#breadcrumb\",\"itemListElement\":[{\"@type\":\"ListItem\",\"position\":1,\"name\":\"Accueil\",\"item\":\"https:\/\/pleine-conscience.marie-collard.be\/\"},{\"@type\":\"ListItem\",\"position\":2,\"name\":\"R\u00e9duction du stress bas\u00e9e sur la pleine conscience\"}]},{\"@type\":\"WebSite\",\"@id\":\"https:\/\/pleine-conscience.marie-collard.be\/#website\",\"url\":\"https:\/\/pleine-conscience.marie-collard.be\/\",\"name\":\"Marie Collard\",\"description\":\"Pleine Conscience\",\"potentialAction\":[{\"@type\":\"SearchAction\",\"target\":{\"@type\":\"EntryPoint\",\"urlTemplate\":\"https:\/\/pleine-conscience.marie-collard.be\/?s={search_term_string}\"},\"query-input\":{\"@type\":\"PropertyValueSpecification\",\"valueRequired\":true,\"valueName\":\"search_term_string\"}}],\"inLanguage\":\"fr-FR\"}]}<\/script>\n<!-- \/ Yoast SEO plugin. -->","yoast_head_json":{"title":"R\u00e9duction du stress bas\u00e9e sur la pleine conscience - Marie Collard","description":"Programme de 8 semaines, progressif et structur\u00e9, avec des supports audios, pour d\u00e9couvrir comment amener plus de bien-\u00eatre au quotidien","robots":{"index":"index","follow":"follow","max-snippet":"max-snippet:-1","max-image-preview":"max-image-preview:large","max-video-preview":"max-video-preview:-1"},"canonical":"https:\/\/pleine-conscience.marie-collard.be\/index.php\/reduction-du-stress-basee-sur-la-pleine-conscience\/","og_locale":"fr_FR","og_type":"article","og_title":"R\u00e9duction du stress bas\u00e9e sur la pleine conscience - Marie Collard","og_description":"Programme de 8 semaines, progressif et structur\u00e9, avec des supports audios, pour d\u00e9couvrir comment amener plus de bien-\u00eatre au quotidien","og_url":"https:\/\/pleine-conscience.marie-collard.be\/index.php\/reduction-du-stress-basee-sur-la-pleine-conscience\/","og_site_name":"Marie Collard","article_modified_time":"2026-01-23T12:08:06+00:00","og_image":[{"width":1008,"height":526,"url":"https:\/\/pleine-conscience.marie-collard.be\/wp-content\/uploads\/2022\/03\/MarieMBR.png","type":"image\/png"}],"twitter_card":"summary_large_image","twitter_misc":{"Dur\u00e9e de lecture estim\u00e9e":"3 minutes"},"schema":{"@context":"https:\/\/schema.org","@graph":[{"@type":"WebPage","@id":"https:\/\/pleine-conscience.marie-collard.be\/index.php\/reduction-du-stress-basee-sur-la-pleine-conscience\/","url":"https:\/\/pleine-conscience.marie-collard.be\/index.php\/reduction-du-stress-basee-sur-la-pleine-conscience\/","name":"R\u00e9duction du stress bas\u00e9e sur la pleine conscience - Marie Collard","isPartOf":{"@id":"https:\/\/pleine-conscience.marie-collard.be\/#website"},"primaryImageOfPage":{"@id":"https:\/\/pleine-conscience.marie-collard.be\/index.php\/reduction-du-stress-basee-sur-la-pleine-conscience\/#primaryimage"},"image":{"@id":"https:\/\/pleine-conscience.marie-collard.be\/index.php\/reduction-du-stress-basee-sur-la-pleine-conscience\/#primaryimage"},"thumbnailUrl":"https:\/\/pleine-conscience.marie-collard.be\/wp-content\/uploads\/2022\/03\/MarieMBR.png","datePublished":"2021-03-10T19:25:43+00:00","dateModified":"2026-01-23T12:08:06+00:00","description":"Programme de 8 semaines, progressif et structur\u00e9, avec des supports audios, pour d\u00e9couvrir comment amener plus de bien-\u00eatre au quotidien","breadcrumb":{"@id":"https:\/\/pleine-conscience.marie-collard.be\/index.php\/reduction-du-stress-basee-sur-la-pleine-conscience\/#breadcrumb"},"inLanguage":"fr-FR","potentialAction":[{"@type":"ReadAction","target":["https:\/\/pleine-conscience.marie-collard.be\/index.php\/reduction-du-stress-basee-sur-la-pleine-conscience\/"]}]},{"@type":"ImageObject","inLanguage":"fr-FR","@id":"https:\/\/pleine-conscience.marie-collard.be\/index.php\/reduction-du-stress-basee-sur-la-pleine-conscience\/#primaryimage","url":"https:\/\/pleine-conscience.marie-collard.be\/wp-content\/uploads\/2022\/03\/MarieMBR.png","contentUrl":"https:\/\/pleine-conscience.marie-collard.be\/wp-content\/uploads\/2022\/03\/MarieMBR.png","width":1008,"height":526},{"@type":"BreadcrumbList","@id":"https:\/\/pleine-conscience.marie-collard.be\/index.php\/reduction-du-stress-basee-sur-la-pleine-conscience\/#breadcrumb","itemListElement":[{"@type":"ListItem","position":1,"name":"Accueil","item":"https:\/\/pleine-conscience.marie-collard.be\/"},{"@type":"ListItem","position":2,"name":"R\u00e9duction du stress bas\u00e9e sur la pleine conscience"}]},{"@type":"WebSite","@id":"https:\/\/pleine-conscience.marie-collard.be\/#website","url":"https:\/\/pleine-conscience.marie-collard.be\/","name":"Marie Collard","description":"Pleine Conscience","potentialAction":[{"@type":"SearchAction","target":{"@type":"EntryPoint","urlTemplate":"https:\/\/pleine-conscience.marie-collard.be\/?s={search_term_string}"},"query-input":{"@type":"PropertyValueSpecification","valueRequired":true,"valueName":"search_term_string"}}],"inLanguage":"fr-FR"}]}},"jetpack_sharing_enabled":true,"_links":{"self":[{"href":"https:\/\/pleine-conscience.marie-collard.be\/index.php\/wp-json\/wp\/v2\/pages\/858","targetHints":{"allow":["GET"]}}],"collection":[{"href":"https:\/\/pleine-conscience.marie-collard.be\/index.php\/wp-json\/wp\/v2\/pages"}],"about":[{"href":"https:\/\/pleine-conscience.marie-collard.be\/index.php\/wp-json\/wp\/v2\/types\/page"}],"author":[{"embeddable":true,"href":"https:\/\/pleine-conscience.marie-collard.be\/index.php\/wp-json\/wp\/v2\/users\/1"}],"replies":[{"embeddable":true,"href":"https:\/\/pleine-conscience.marie-collard.be\/index.php\/wp-json\/wp\/v2\/comments?post=858"}],"version-history":[{"count":140,"href":"https:\/\/pleine-conscience.marie-collard.be\/index.php\/wp-json\/wp\/v2\/pages\/858\/revisions"}],"predecessor-version":[{"id":2132,"href":"https:\/\/pleine-conscience.marie-collard.be\/index.php\/wp-json\/wp\/v2\/pages\/858\/revisions\/2132"}],"wp:attachment":[{"href":"https:\/\/pleine-conscience.marie-collard.be\/index.php\/wp-json\/wp\/v2\/media?parent=858"}],"curies":[{"name":"wp","href":"https:\/\/api.w.org\/{rel}","templated":true}]}}