{"id":856,"date":"2021-03-10T20:25:03","date_gmt":"2021-03-10T19:25:03","guid":{"rendered":"https:\/\/pleine-conscience.marie-collard.be\/?page_id=856"},"modified":"2026-01-23T13:12:36","modified_gmt":"2026-01-23T12:12:36","slug":"ateliers-decouverte","status":"publish","type":"page","link":"https:\/\/pleine-conscience.marie-collard.be\/index.php\/ateliers-decouverte\/","title":{"rendered":"Ateliers-d\u00e9couverte"},"content":{"rendered":"\n<p>Les <strong>ateliers-d\u00e9couverte<\/strong> sont organis\u00e9s \u00e0 la demande. Ils vous permettront de d\u00e9couvrir et exp\u00e9rimenter la pleine conscience de diff\u00e9rentes mani\u00e8res :<\/p>\n\n\n\n<p>\u00b7      des moments de pratiques formelles de m\u00e9ditations, <\/p>\n\n\n\n<p>\u00b7      des moments pour d\u00e9couvrir une autre mani\u00e8re de vivre et appr\u00e9cier chaque moment de la vie, <\/p>\n\n\n\n<p>\u00b7     des moments d\u2019\u00e9changes. <\/p>\n\n\n\n<p>Au-del\u00e0 d\u2019une technique que l\u2019on pratique, vous pourrez prendre un temps pour vous, tel que vous \u00eates, dans un cadre bienveillant, et peut-\u00eatre en appr\u00e9cier les bienfaits\u2026 <\/p>\n\n\n\n<p>Diff\u00e9rentes th\u00e9matiques peuvent \u00eatre explor\u00e9es et personnalis\u00e9es. <\/p>\n\n\n\n<p>Ces ateliers sont inspir\u00e9s du programme MBSR (Mindfulness-Based Stress Reduction) que vous pouvez d\u00e9couvrir <a href=\"https:\/\/pleine-conscience.marie-collard.be\/index.php\/reduction-du-stress-basee-sur-la-pleine-conscience\/\">ici<\/a>. <\/p>\n\n\n<p><!-- \/wp:post-content --><\/p>","protected":false},"excerpt":{"rendered":"<p>Les ateliers-d\u00e9couverte sont organis\u00e9s \u00e0 la demande. Ils vous permettront de d\u00e9couvrir et exp\u00e9rimenter la pleine conscience de diff\u00e9rentes mani\u00e8res : \u00b7 des moments de pratiques formelles de m\u00e9ditations, \u00b7 des moments pour d\u00e9couvrir une autre mani\u00e8re de vivre et appr\u00e9cier chaque moment de la vie, \u00b7 des moments d\u2019\u00e9changes. Au-del\u00e0 d\u2019une technique que l\u2019on &hellip; <\/p>\n<p class=\"link-more\"><a href=\"https:\/\/pleine-conscience.marie-collard.be\/index.php\/ateliers-decouverte\/\" class=\"more-link\">Continuer la lecture<span class=\"screen-reader-text\"> de &laquo;&nbsp;Ateliers-d\u00e9couverte&nbsp;&raquo;<\/span><\/a><\/p>\n","protected":false},"author":1,"featured_media":0,"parent":0,"menu_order":0,"comment_status":"closed","ping_status":"closed","template":"","meta":{"footnotes":""},"class_list":["post-856","page","type-page","status-publish","hentry"],"yoast_head":"<!-- This site is optimized with the Yoast SEO plugin v26.6 - https:\/\/yoast.com\/wordpress\/plugins\/seo\/ -->\n<title>Ateliers-d\u00e9couverte - Marie Collard<\/title>\n<meta name=\"robots\" content=\"index, follow, max-snippet:-1, max-image-preview:large, max-video-preview:-1\" \/>\n<link rel=\"canonical\" href=\"https:\/\/pleine-conscience.marie-collard.be\/index.php\/ateliers-decouverte\/\" \/>\n<meta property=\"og:locale\" content=\"fr_FR\" \/>\n<meta property=\"og:type\" content=\"article\" \/>\n<meta property=\"og:title\" content=\"Ateliers-d\u00e9couverte - Marie Collard\" \/>\n<meta property=\"og:description\" content=\"Les ateliers-d\u00e9couverte sont organis\u00e9s \u00e0 la demande. Ils vous permettront de d\u00e9couvrir et exp\u00e9rimenter la pleine conscience de diff\u00e9rentes mani\u00e8res : \u00b7 des moments de pratiques formelles de m\u00e9ditations, \u00b7 des moments pour d\u00e9couvrir une autre mani\u00e8re de vivre et appr\u00e9cier chaque moment de la vie, \u00b7 des moments d\u2019\u00e9changes. Au-del\u00e0 d\u2019une technique que l\u2019on &hellip; Continuer la lecture de &laquo;&nbsp;Ateliers-d\u00e9couverte&nbsp;&raquo;\" \/>\n<meta property=\"og:url\" content=\"https:\/\/pleine-conscience.marie-collard.be\/index.php\/ateliers-decouverte\/\" \/>\n<meta property=\"og:site_name\" content=\"Marie Collard\" \/>\n<meta property=\"article:modified_time\" content=\"2026-01-23T12:12:36+00:00\" \/>\n<meta name=\"twitter:card\" content=\"summary_large_image\" \/>\n<meta name=\"twitter:label1\" content=\"Dur\u00e9e de lecture estim\u00e9e\" \/>\n\t<meta name=\"twitter:data1\" content=\"1 minute\" \/>\n<script type=\"application\/ld+json\" class=\"yoast-schema-graph\">{\"@context\":\"https:\/\/schema.org\",\"@graph\":[{\"@type\":\"WebPage\",\"@id\":\"https:\/\/pleine-conscience.marie-collard.be\/index.php\/ateliers-decouverte\/\",\"url\":\"https:\/\/pleine-conscience.marie-collard.be\/index.php\/ateliers-decouverte\/\",\"name\":\"Ateliers-d\u00e9couverte - Marie Collard\",\"isPartOf\":{\"@id\":\"https:\/\/pleine-conscience.marie-collard.be\/#website\"},\"datePublished\":\"2021-03-10T19:25:03+00:00\",\"dateModified\":\"2026-01-23T12:12:36+00:00\",\"breadcrumb\":{\"@id\":\"https:\/\/pleine-conscience.marie-collard.be\/index.php\/ateliers-decouverte\/#breadcrumb\"},\"inLanguage\":\"fr-FR\",\"potentialAction\":[{\"@type\":\"ReadAction\",\"target\":[\"https:\/\/pleine-conscience.marie-collard.be\/index.php\/ateliers-decouverte\/\"]}]},{\"@type\":\"BreadcrumbList\",\"@id\":\"https:\/\/pleine-conscience.marie-collard.be\/index.php\/ateliers-decouverte\/#breadcrumb\",\"itemListElement\":[{\"@type\":\"ListItem\",\"position\":1,\"name\":\"Accueil\",\"item\":\"https:\/\/pleine-conscience.marie-collard.be\/\"},{\"@type\":\"ListItem\",\"position\":2,\"name\":\"Ateliers-d\u00e9couverte\"}]},{\"@type\":\"WebSite\",\"@id\":\"https:\/\/pleine-conscience.marie-collard.be\/#website\",\"url\":\"https:\/\/pleine-conscience.marie-collard.be\/\",\"name\":\"Marie Collard\",\"description\":\"Pleine Conscience\",\"potentialAction\":[{\"@type\":\"SearchAction\",\"target\":{\"@type\":\"EntryPoint\",\"urlTemplate\":\"https:\/\/pleine-conscience.marie-collard.be\/?s={search_term_string}\"},\"query-input\":{\"@type\":\"PropertyValueSpecification\",\"valueRequired\":true,\"valueName\":\"search_term_string\"}}],\"inLanguage\":\"fr-FR\"}]}<\/script>\n<!-- \/ Yoast SEO plugin. -->","yoast_head_json":{"title":"Ateliers-d\u00e9couverte - Marie Collard","robots":{"index":"index","follow":"follow","max-snippet":"max-snippet:-1","max-image-preview":"max-image-preview:large","max-video-preview":"max-video-preview:-1"},"canonical":"https:\/\/pleine-conscience.marie-collard.be\/index.php\/ateliers-decouverte\/","og_locale":"fr_FR","og_type":"article","og_title":"Ateliers-d\u00e9couverte - Marie Collard","og_description":"Les ateliers-d\u00e9couverte sont organis\u00e9s \u00e0 la demande. Ils vous permettront de d\u00e9couvrir et exp\u00e9rimenter la pleine conscience de diff\u00e9rentes mani\u00e8res : \u00b7 des moments de pratiques formelles de m\u00e9ditations, \u00b7 des moments pour d\u00e9couvrir une autre mani\u00e8re de vivre et appr\u00e9cier chaque moment de la vie, \u00b7 des moments d\u2019\u00e9changes. Au-del\u00e0 d\u2019une technique que l\u2019on &hellip; Continuer la lecture de &laquo;&nbsp;Ateliers-d\u00e9couverte&nbsp;&raquo;","og_url":"https:\/\/pleine-conscience.marie-collard.be\/index.php\/ateliers-decouverte\/","og_site_name":"Marie Collard","article_modified_time":"2026-01-23T12:12:36+00:00","twitter_card":"summary_large_image","twitter_misc":{"Dur\u00e9e de lecture estim\u00e9e":"1 minute"},"schema":{"@context":"https:\/\/schema.org","@graph":[{"@type":"WebPage","@id":"https:\/\/pleine-conscience.marie-collard.be\/index.php\/ateliers-decouverte\/","url":"https:\/\/pleine-conscience.marie-collard.be\/index.php\/ateliers-decouverte\/","name":"Ateliers-d\u00e9couverte - Marie Collard","isPartOf":{"@id":"https:\/\/pleine-conscience.marie-collard.be\/#website"},"datePublished":"2021-03-10T19:25:03+00:00","dateModified":"2026-01-23T12:12:36+00:00","breadcrumb":{"@id":"https:\/\/pleine-conscience.marie-collard.be\/index.php\/ateliers-decouverte\/#breadcrumb"},"inLanguage":"fr-FR","potentialAction":[{"@type":"ReadAction","target":["https:\/\/pleine-conscience.marie-collard.be\/index.php\/ateliers-decouverte\/"]}]},{"@type":"BreadcrumbList","@id":"https:\/\/pleine-conscience.marie-collard.be\/index.php\/ateliers-decouverte\/#breadcrumb","itemListElement":[{"@type":"ListItem","position":1,"name":"Accueil","item":"https:\/\/pleine-conscience.marie-collard.be\/"},{"@type":"ListItem","position":2,"name":"Ateliers-d\u00e9couverte"}]},{"@type":"WebSite","@id":"https:\/\/pleine-conscience.marie-collard.be\/#website","url":"https:\/\/pleine-conscience.marie-collard.be\/","name":"Marie Collard","description":"Pleine Conscience","potentialAction":[{"@type":"SearchAction","target":{"@type":"EntryPoint","urlTemplate":"https:\/\/pleine-conscience.marie-collard.be\/?s={search_term_string}"},"query-input":{"@type":"PropertyValueSpecification","valueRequired":true,"valueName":"search_term_string"}}],"inLanguage":"fr-FR"}]}},"jetpack_sharing_enabled":true,"_links":{"self":[{"href":"https:\/\/pleine-conscience.marie-collard.be\/index.php\/wp-json\/wp\/v2\/pages\/856","targetHints":{"allow":["GET"]}}],"collection":[{"href":"https:\/\/pleine-conscience.marie-collard.be\/index.php\/wp-json\/wp\/v2\/pages"}],"about":[{"href":"https:\/\/pleine-conscience.marie-collard.be\/index.php\/wp-json\/wp\/v2\/types\/page"}],"author":[{"embeddable":true,"href":"https:\/\/pleine-conscience.marie-collard.be\/index.php\/wp-json\/wp\/v2\/users\/1"}],"replies":[{"embeddable":true,"href":"https:\/\/pleine-conscience.marie-collard.be\/index.php\/wp-json\/wp\/v2\/comments?post=856"}],"version-history":[{"count":18,"href":"https:\/\/pleine-conscience.marie-collard.be\/index.php\/wp-json\/wp\/v2\/pages\/856\/revisions"}],"predecessor-version":[{"id":2134,"href":"https:\/\/pleine-conscience.marie-collard.be\/index.php\/wp-json\/wp\/v2\/pages\/856\/revisions\/2134"}],"wp:attachment":[{"href":"https:\/\/pleine-conscience.marie-collard.be\/index.php\/wp-json\/wp\/v2\/media?parent=856"}],"curies":[{"name":"wp","href":"https:\/\/api.w.org\/{rel}","templated":true}]}}