{"id":37,"date":"2020-08-21T20:31:29","date_gmt":"2020-08-21T18:31:29","guid":{"rendered":"http:\/\/pleine-conscience.marie-collard.be\/?page_id=37"},"modified":"2026-01-23T13:02:44","modified_gmt":"2026-01-23T12:02:44","slug":"qui-suis-je","status":"publish","type":"page","link":"https:\/\/pleine-conscience.marie-collard.be\/index.php\/qui-suis-je\/","title":{"rendered":"Qui suis-je ?"},"content":{"rendered":"\n<p class=\"has-text-align-justify\">Originaire de Namur, j\u2019ai fait mes \u00e9tudes \u00e0 Louvain-la-Neuve. J\u2019ai obtenu ma Licence en Sciences Psychologiques en 2001.<\/p>\n\n\n\n<div class=\"wp-block-media-text alignwide is-stacked-on-mobile\" style=\"grid-template-columns:23% auto\"><figure class=\"wp-block-media-text__media\"><img decoding=\"async\" width=\"532\" height=\"797\" data-src=\"https:\/\/pleine-conscience.marie-collard.be\/wp-content\/uploads\/2020\/09\/visage.jpg\" alt=\"\" class=\"wp-image-525 size-full lazyload\" data-srcset=\"https:\/\/pleine-conscience.marie-collard.be\/wp-content\/uploads\/2020\/09\/visage.jpg 532w, https:\/\/pleine-conscience.marie-collard.be\/wp-content\/uploads\/2020\/09\/visage-200x300.jpg 200w, https:\/\/pleine-conscience.marie-collard.be\/wp-content\/uploads\/2020\/09\/visage-350x524.jpg 350w\" data-sizes=\"(max-width: 532px) 100vw, 532px\" src=\"data:image\/svg+xml;base64,PHN2ZyB3aWR0aD0iMSIgaGVpZ2h0PSIxIiB4bWxucz0iaHR0cDovL3d3dy53My5vcmcvMjAwMC9zdmciPjwvc3ZnPg==\" style=\"--smush-placeholder-width: 532px; --smush-placeholder-aspect-ratio: 532\/797;\" \/><\/figure><div class=\"wp-block-media-text__content\">\n<p class=\"has-text-align-justify\">J\u2019ai d\u00e9but\u00e9 ma carri\u00e8re par des emplois dans diff\u00e9rents secteurs, fort \u00e9loign\u00e9s de ma formation initiale, mais toujours avec beaucoup de motivation et la curiosit\u00e9 de la d\u00e9couverte.<\/p>\n\n\n\n<p class=\"has-text-align-justify\">En 2005, j&rsquo;ai int\u00e9gr\u00e9 une entreprise active dans le secteur des ressources humaines. Ce nouvel environnement m\u2019a notamment permis de travailler dans l\u2019insertion socio-professionnelle. J\u2019y ai coach\u00e9 des personnes fragilis\u00e9es dans leur recherche d\u2019emploi, organis\u00e9 des formations, et accompagn\u00e9 des personnes b\u00e9n\u00e9ficiant d\u2019une proc\u00e9dure d\u2019Outplacement.&nbsp;<\/p>\n<\/div><\/div>\n\n\n\n<p class=\"has-text-align-justify\">La naissance de mes deux enfants et notre vie (trop) charg\u00e9e, m\u2019ont conduite \u00e0 r\u00e9-envisager ma vie professionnelle. J\u2019ai eu l\u2019opportunit\u00e9 de me consacrer \u00e0 l\u2019accompagnement de familles (enfants, ados, parents) au sein d\u2019un centre Psycho-M\u00e9dico-Social. \u00c9panouie professionnellement, j\u2019y ai forg\u00e9 mon exp\u00e9rience en tant que psychologue et trouv\u00e9 mon \u00e9quilibre avec ma vie de maman.<\/p>\n\n\n\n<p class=\"has-text-align-justify\">Apr\u00e8s 10 ans dans ce secteur, j\u2019ai entrepris une formation pour me sp\u00e9cialiser dans le coaching de vie et l&rsquo;accompagnement des personnes en burnout. Et c\u2019est la vie d\u2019ind\u00e9pendant que j\u2019ai d\u00e9couverte pour continuer mon chemin.<\/p>\n\n\n\n<p class=\"has-text-align-justify\">Dans une recherche d&rsquo;am\u00e9lioration de ma qualit\u00e9 de vie, j&rsquo;ai \u00e9galement introduit la pratique de la pleine conscience dans mon quotidien. Je continue \u00e0 me former professionnellement \u00e0 cet art de vivre pour le partager au travers de diverses activit\u00e9s en petit groupe.<\/p>\n\n\n\n<p class=\"has-text-align-justify\">Et vous, qui \u00eates-vous ? O\u00f9 en \u00eates-vous dans votre parcours ? Souhaitez-vous changer quelque chose dans votre vie&nbsp;? Mon accompagnement peut vous aider \u00e0 y voir plus clair, \u00e0 prendre soin de vous&nbsp;!<\/p>\n\n\n\n<p><strong>Formations :<\/strong><\/p>\n\n\n\n<div class=\"wp-block-group\"><div class=\"wp-block-group__inner-container is-layout-flow wp-block-group-is-layout-flow\">\n<p>Licence en sciences psychologiques (UCL)<\/p>\n\n\n\n<p>Coach niveau 1 et 2 (Leading and Coaching Academy)<\/p>\n\n\n\n<p>Masterclass burnout (BAO-Elan vital)<\/p>\n\n\n\n<p>Ciao Burnout (Fanny Weytens &#8211; docteur en psychologie)<\/p>\n\n\n\n<p>Fondamentaux en MBSR (Institut Pleine Conscience)<\/p>\n\n\n\n<p>Formation intensive de pratique de l&rsquo;enseignement de la MBSR &#8211; PTI (Institut Pleine Conscience)<\/p>\n\n\n\n<p>Accompagner les transitions de vie et de carri\u00e8re avec la roue de Hudson (Business and Soul)<\/p>\n\n\n\n<p>Membre de l&rsquo;association professionnelle ABFM (Association Belge Francophone de pleine conscience-Mindfulness)<\/p>\n<\/div><\/div>\n\n\n\n<p><\/p>\n","protected":false},"excerpt":{"rendered":"<p>Originaire de Namur, j\u2019ai fait mes \u00e9tudes \u00e0 Louvain-la-Neuve. J\u2019ai obtenu ma Licence en Sciences Psychologiques en 2001. J\u2019ai d\u00e9but\u00e9 ma carri\u00e8re par des emplois dans diff\u00e9rents secteurs, fort \u00e9loign\u00e9s de ma formation initiale, mais toujours avec beaucoup de motivation et la curiosit\u00e9 de la d\u00e9couverte. En 2005, j&rsquo;ai int\u00e9gr\u00e9 une entreprise active dans le &hellip; <\/p>\n<p class=\"link-more\"><a href=\"https:\/\/pleine-conscience.marie-collard.be\/index.php\/qui-suis-je\/\" class=\"more-link\">Continuer la lecture<span class=\"screen-reader-text\"> de &laquo;&nbsp;Qui suis-je ?&nbsp;&raquo;<\/span><\/a><\/p>\n","protected":false},"author":1,"featured_media":0,"parent":0,"menu_order":0,"comment_status":"closed","ping_status":"closed","template":"","meta":{"footnotes":""},"class_list":["post-37","page","type-page","status-publish","hentry"],"yoast_head":"<!-- This site is optimized with the Yoast SEO plugin v26.6 - https:\/\/yoast.com\/wordpress\/plugins\/seo\/ -->\n<title>Qui suis-je ? - Marie Collard<\/title>\n<meta name=\"robots\" content=\"index, follow, max-snippet:-1, max-image-preview:large, max-video-preview:-1\" \/>\n<link rel=\"canonical\" href=\"https:\/\/pleine-conscience.marie-collard.be\/index.php\/qui-suis-je\/\" \/>\n<meta property=\"og:locale\" content=\"fr_FR\" \/>\n<meta property=\"og:type\" content=\"article\" \/>\n<meta property=\"og:title\" content=\"Qui suis-je ? - Marie Collard\" \/>\n<meta property=\"og:description\" content=\"Originaire de Namur, j\u2019ai fait mes \u00e9tudes \u00e0 Louvain-la-Neuve. J\u2019ai obtenu ma Licence en Sciences Psychologiques en 2001. J\u2019ai d\u00e9but\u00e9 ma carri\u00e8re par des emplois dans diff\u00e9rents secteurs, fort \u00e9loign\u00e9s de ma formation initiale, mais toujours avec beaucoup de motivation et la curiosit\u00e9 de la d\u00e9couverte. En 2005, j&rsquo;ai int\u00e9gr\u00e9 une entreprise active dans le &hellip; Continuer la lecture de &laquo;&nbsp;Qui suis-je ?&nbsp;&raquo;\" \/>\n<meta property=\"og:url\" content=\"https:\/\/pleine-conscience.marie-collard.be\/index.php\/qui-suis-je\/\" \/>\n<meta property=\"og:site_name\" content=\"Marie Collard\" \/>\n<meta property=\"article:modified_time\" content=\"2026-01-23T12:02:44+00:00\" \/>\n<meta property=\"og:image\" content=\"https:\/\/pleine-conscience.marie-collard.be\/wp-content\/uploads\/2020\/09\/visage.jpg\" \/>\n\t<meta property=\"og:image:width\" content=\"532\" \/>\n\t<meta property=\"og:image:height\" content=\"797\" \/>\n\t<meta property=\"og:image:type\" content=\"image\/jpeg\" \/>\n<meta name=\"twitter:card\" content=\"summary_large_image\" \/>\n<meta name=\"twitter:label1\" content=\"Dur\u00e9e de lecture estim\u00e9e\" \/>\n\t<meta name=\"twitter:data1\" content=\"2 minutes\" \/>\n<script type=\"application\/ld+json\" class=\"yoast-schema-graph\">{\"@context\":\"https:\/\/schema.org\",\"@graph\":[{\"@type\":\"WebPage\",\"@id\":\"https:\/\/pleine-conscience.marie-collard.be\/index.php\/qui-suis-je\/\",\"url\":\"https:\/\/pleine-conscience.marie-collard.be\/index.php\/qui-suis-je\/\",\"name\":\"Qui suis-je ? - Marie Collard\",\"isPartOf\":{\"@id\":\"https:\/\/pleine-conscience.marie-collard.be\/#website\"},\"primaryImageOfPage\":{\"@id\":\"https:\/\/pleine-conscience.marie-collard.be\/index.php\/qui-suis-je\/#primaryimage\"},\"image\":{\"@id\":\"https:\/\/pleine-conscience.marie-collard.be\/index.php\/qui-suis-je\/#primaryimage\"},\"thumbnailUrl\":\"https:\/\/pleine-conscience.marie-collard.be\/wp-content\/uploads\/2020\/09\/visage.jpg\",\"datePublished\":\"2020-08-21T18:31:29+00:00\",\"dateModified\":\"2026-01-23T12:02:44+00:00\",\"breadcrumb\":{\"@id\":\"https:\/\/pleine-conscience.marie-collard.be\/index.php\/qui-suis-je\/#breadcrumb\"},\"inLanguage\":\"fr-FR\",\"potentialAction\":[{\"@type\":\"ReadAction\",\"target\":[\"https:\/\/pleine-conscience.marie-collard.be\/index.php\/qui-suis-je\/\"]}]},{\"@type\":\"ImageObject\",\"inLanguage\":\"fr-FR\",\"@id\":\"https:\/\/pleine-conscience.marie-collard.be\/index.php\/qui-suis-je\/#primaryimage\",\"url\":\"https:\/\/pleine-conscience.marie-collard.be\/wp-content\/uploads\/2020\/09\/visage.jpg\",\"contentUrl\":\"https:\/\/pleine-conscience.marie-collard.be\/wp-content\/uploads\/2020\/09\/visage.jpg\",\"width\":532,\"height\":797},{\"@type\":\"BreadcrumbList\",\"@id\":\"https:\/\/pleine-conscience.marie-collard.be\/index.php\/qui-suis-je\/#breadcrumb\",\"itemListElement\":[{\"@type\":\"ListItem\",\"position\":1,\"name\":\"Accueil\",\"item\":\"https:\/\/pleine-conscience.marie-collard.be\/\"},{\"@type\":\"ListItem\",\"position\":2,\"name\":\"Qui suis-je ?\"}]},{\"@type\":\"WebSite\",\"@id\":\"https:\/\/pleine-conscience.marie-collard.be\/#website\",\"url\":\"https:\/\/pleine-conscience.marie-collard.be\/\",\"name\":\"Marie Collard\",\"description\":\"Pleine Conscience\",\"potentialAction\":[{\"@type\":\"SearchAction\",\"target\":{\"@type\":\"EntryPoint\",\"urlTemplate\":\"https:\/\/pleine-conscience.marie-collard.be\/?s={search_term_string}\"},\"query-input\":{\"@type\":\"PropertyValueSpecification\",\"valueRequired\":true,\"valueName\":\"search_term_string\"}}],\"inLanguage\":\"fr-FR\"}]}<\/script>\n<!-- \/ Yoast SEO plugin. -->","yoast_head_json":{"title":"Qui suis-je ? - Marie Collard","robots":{"index":"index","follow":"follow","max-snippet":"max-snippet:-1","max-image-preview":"max-image-preview:large","max-video-preview":"max-video-preview:-1"},"canonical":"https:\/\/pleine-conscience.marie-collard.be\/index.php\/qui-suis-je\/","og_locale":"fr_FR","og_type":"article","og_title":"Qui suis-je ? - Marie Collard","og_description":"Originaire de Namur, j\u2019ai fait mes \u00e9tudes \u00e0 Louvain-la-Neuve. J\u2019ai obtenu ma Licence en Sciences Psychologiques en 2001. J\u2019ai d\u00e9but\u00e9 ma carri\u00e8re par des emplois dans diff\u00e9rents secteurs, fort \u00e9loign\u00e9s de ma formation initiale, mais toujours avec beaucoup de motivation et la curiosit\u00e9 de la d\u00e9couverte. En 2005, j&rsquo;ai int\u00e9gr\u00e9 une entreprise active dans le &hellip; Continuer la lecture de &laquo;&nbsp;Qui suis-je ?&nbsp;&raquo;","og_url":"https:\/\/pleine-conscience.marie-collard.be\/index.php\/qui-suis-je\/","og_site_name":"Marie Collard","article_modified_time":"2026-01-23T12:02:44+00:00","og_image":[{"width":532,"height":797,"url":"https:\/\/pleine-conscience.marie-collard.be\/wp-content\/uploads\/2020\/09\/visage.jpg","type":"image\/jpeg"}],"twitter_card":"summary_large_image","twitter_misc":{"Dur\u00e9e de lecture estim\u00e9e":"2 minutes"},"schema":{"@context":"https:\/\/schema.org","@graph":[{"@type":"WebPage","@id":"https:\/\/pleine-conscience.marie-collard.be\/index.php\/qui-suis-je\/","url":"https:\/\/pleine-conscience.marie-collard.be\/index.php\/qui-suis-je\/","name":"Qui suis-je ? - Marie Collard","isPartOf":{"@id":"https:\/\/pleine-conscience.marie-collard.be\/#website"},"primaryImageOfPage":{"@id":"https:\/\/pleine-conscience.marie-collard.be\/index.php\/qui-suis-je\/#primaryimage"},"image":{"@id":"https:\/\/pleine-conscience.marie-collard.be\/index.php\/qui-suis-je\/#primaryimage"},"thumbnailUrl":"https:\/\/pleine-conscience.marie-collard.be\/wp-content\/uploads\/2020\/09\/visage.jpg","datePublished":"2020-08-21T18:31:29+00:00","dateModified":"2026-01-23T12:02:44+00:00","breadcrumb":{"@id":"https:\/\/pleine-conscience.marie-collard.be\/index.php\/qui-suis-je\/#breadcrumb"},"inLanguage":"fr-FR","potentialAction":[{"@type":"ReadAction","target":["https:\/\/pleine-conscience.marie-collard.be\/index.php\/qui-suis-je\/"]}]},{"@type":"ImageObject","inLanguage":"fr-FR","@id":"https:\/\/pleine-conscience.marie-collard.be\/index.php\/qui-suis-je\/#primaryimage","url":"https:\/\/pleine-conscience.marie-collard.be\/wp-content\/uploads\/2020\/09\/visage.jpg","contentUrl":"https:\/\/pleine-conscience.marie-collard.be\/wp-content\/uploads\/2020\/09\/visage.jpg","width":532,"height":797},{"@type":"BreadcrumbList","@id":"https:\/\/pleine-conscience.marie-collard.be\/index.php\/qui-suis-je\/#breadcrumb","itemListElement":[{"@type":"ListItem","position":1,"name":"Accueil","item":"https:\/\/pleine-conscience.marie-collard.be\/"},{"@type":"ListItem","position":2,"name":"Qui suis-je ?"}]},{"@type":"WebSite","@id":"https:\/\/pleine-conscience.marie-collard.be\/#website","url":"https:\/\/pleine-conscience.marie-collard.be\/","name":"Marie Collard","description":"Pleine Conscience","potentialAction":[{"@type":"SearchAction","target":{"@type":"EntryPoint","urlTemplate":"https:\/\/pleine-conscience.marie-collard.be\/?s={search_term_string}"},"query-input":{"@type":"PropertyValueSpecification","valueRequired":true,"valueName":"search_term_string"}}],"inLanguage":"fr-FR"}]}},"jetpack_sharing_enabled":true,"_links":{"self":[{"href":"https:\/\/pleine-conscience.marie-collard.be\/index.php\/wp-json\/wp\/v2\/pages\/37","targetHints":{"allow":["GET"]}}],"collection":[{"href":"https:\/\/pleine-conscience.marie-collard.be\/index.php\/wp-json\/wp\/v2\/pages"}],"about":[{"href":"https:\/\/pleine-conscience.marie-collard.be\/index.php\/wp-json\/wp\/v2\/types\/page"}],"author":[{"embeddable":true,"href":"https:\/\/pleine-conscience.marie-collard.be\/index.php\/wp-json\/wp\/v2\/users\/1"}],"replies":[{"embeddable":true,"href":"https:\/\/pleine-conscience.marie-collard.be\/index.php\/wp-json\/wp\/v2\/comments?post=37"}],"version-history":[{"count":22,"href":"https:\/\/pleine-conscience.marie-collard.be\/index.php\/wp-json\/wp\/v2\/pages\/37\/revisions"}],"predecessor-version":[{"id":2128,"href":"https:\/\/pleine-conscience.marie-collard.be\/index.php\/wp-json\/wp\/v2\/pages\/37\/revisions\/2128"}],"wp:attachment":[{"href":"https:\/\/pleine-conscience.marie-collard.be\/index.php\/wp-json\/wp\/v2\/media?parent=37"}],"curies":[{"name":"wp","href":"https:\/\/api.w.org\/{rel}","templated":true}]}}