{"id":319,"date":"2020-08-28T20:14:49","date_gmt":"2020-08-28T18:14:49","guid":{"rendered":"https:\/\/pleine-conscience.marie-collard.be\/?page_id=319"},"modified":"2021-08-09T20:58:30","modified_gmt":"2021-08-09T18:58:30","slug":"la-pleine-conscience-qu-est-ce-que-c-est","status":"publish","type":"page","link":"https:\/\/pleine-conscience.marie-collard.be\/index.php\/la-pleine-conscience-qu-est-ce-que-c-est\/","title":{"rendered":"La Pleine Conscience."},"content":{"rendered":"\n<p class=\"has-text-align-justify\">Jon Kabat-Zinn, m\u00e9decin et scientifique \u00e0 l&rsquo;Universit\u00e9 du Massachusetts et fondateur du programme MBSR (mindfulness-based stress reduction), d\u00e9finit la \u00ab\u00a0pleine conscience\u00a0\u00bb (ou mindfulness) comme suit : <\/p>\n\n\n\n<blockquote class=\"wp-block-quote has-text-align-center is-layout-flow wp-block-quote-is-layout-flow\"><p><strong>\u00ab\u00a0&#8230;diriger son attention d&rsquo;une certaine mani\u00e8re : intentionnellement, sur le moment pr\u00e9sent, et sans porter de jugement&#8230;\u00a0\u00bb<\/strong><\/p><cite>Jon Kabat-Zinn (2003)<\/cite><\/blockquote>\n\n\n\n<div class=\"wp-block-group\"><div class=\"wp-block-group__inner-container is-layout-flow wp-block-group-is-layout-flow\">\n<p class=\"has-text-align-justify\">Qui connait cette sensation de toujours <strong>courir <\/strong>apr\u00e8s le temps, de <strong>ne pas avoir vu<\/strong> la journ\u00e9e, voire la semaine passer&nbsp;? Souvent, nous avons l\u2019impression de ne pas \u00eatre l\u00e0. Notre corps est pr\u00e9sent, mais<strong> notre esprit ailleurs<\/strong>&nbsp;: <\/p>\n\n\n\n<div class=\"wp-block-group\"><div class=\"wp-block-group__inner-container is-layout-flow wp-block-group-is-layout-flow\">\n<p class=\"has-text-align-justify\">soit dans des <strong>souvenirs <\/strong>ou des ruminations du pass\u00e9, <\/p>\n\n\n\n<p class=\"has-text-align-justify\">soit dans des projets <strong>futurs <\/strong>ou du stress pour des \u00e9v\u00e9nements qui ne nous sont pas encore arriv\u00e9s,<\/p>\n\n\n\n<p class=\"has-text-align-justify\">soit encore dans des <strong>jugements<\/strong>.<\/p>\n<\/div><\/div>\n\n\n\n<p>&nbsp;<\/p>\n<\/div><\/div>\n\n\n\n<p class=\"has-text-align-center\"><strong>Et pourtant, notre vie se passe ici et maintenant. C\u2019est le seul moment que nous pouvons vraiment vivre.<\/strong><\/p>\n\n\n\n<div class=\"wp-block-image\"><figure class=\"aligncenter size-large is-resized\"><img decoding=\"async\" data-src=\"https:\/\/pleine-conscience.marie-collard.be\/wp-content\/uploads\/2020\/09\/hourglass-2910951_1920-1024x426.jpg\" alt=\"\" class=\"wp-image-459 lazyload\" width=\"335\" height=\"139\" data-srcset=\"https:\/\/pleine-conscience.marie-collard.be\/wp-content\/uploads\/2020\/09\/hourglass-2910951_1920-1024x426.jpg 1024w, https:\/\/pleine-conscience.marie-collard.be\/wp-content\/uploads\/2020\/09\/hourglass-2910951_1920-300x125.jpg 300w, https:\/\/pleine-conscience.marie-collard.be\/wp-content\/uploads\/2020\/09\/hourglass-2910951_1920-768x320.jpg 768w, https:\/\/pleine-conscience.marie-collard.be\/wp-content\/uploads\/2020\/09\/hourglass-2910951_1920-1536x639.jpg 1536w, https:\/\/pleine-conscience.marie-collard.be\/wp-content\/uploads\/2020\/09\/hourglass-2910951_1920-350x146.jpg 350w, https:\/\/pleine-conscience.marie-collard.be\/wp-content\/uploads\/2020\/09\/hourglass-2910951_1920.jpg 1920w\" data-sizes=\"(max-width: 335px) 100vw, 335px\" src=\"data:image\/svg+xml;base64,PHN2ZyB3aWR0aD0iMSIgaGVpZ2h0PSIxIiB4bWxucz0iaHR0cDovL3d3dy53My5vcmcvMjAwMC9zdmciPjwvc3ZnPg==\" style=\"--smush-placeholder-width: 335px; --smush-placeholder-aspect-ratio: 335\/139;\" \/><\/figure><\/div>\n\n\n\n<p>&nbsp;<\/p>\n\n\n\n<p class=\"has-text-align-justify\">La pratique de la pleine conscience nous apprend \u00e0 <strong>revenir dans le pr\u00e9sent<\/strong>, \u00e0 <strong>d\u00e9celer nos m\u00e9canismes automatiques<\/strong> qui nous \u00e9loignent de la possibilit\u00e9 de vivre pleinement ce moment pr\u00e9sent.<\/p>\n\n\n\n<div class=\"wp-block-group\"><div class=\"wp-block-group__inner-container is-layout-flow wp-block-group-is-layout-flow\">\n<p class=\"has-text-align-justify\">Elle nous apprend \u00e0 <strong>nous reconnecter<\/strong> \u00e0 nos sensations, \u00e0 <strong>accepter <\/strong>ce qui est, avec bienveillance, plut\u00f4t que de lutter.<\/p>\n\n\n\n<p class=\"has-text-align-justify\">Elle nous relie \u00e0 notre <strong>curiosit\u00e9<\/strong>, parfois oubli\u00e9e, et nous permet de voir le monde avec des yeux neufs.<\/p>\n\n\n\n<p class=\"has-text-align-justify\">Elle nous conduit vers <strong>davantage de bien-\u00eatre au quotidien<\/strong>.<\/p>\n\n\n\n<p class=\"has-text-align-justify\">Plus qu\u2019une technique parmi tant d\u2019autres, il s\u2019agit davantage d\u2019un <strong>art de vivre<\/strong> au quotidien&nbsp;:<\/p>\n<\/div><\/div>\n\n\n\n<p class=\"has-text-align-center\"><br><strong>\u00ab\u00a0\u00catre puis faire, plut\u00f4t que faire pour \u00eatre\u00a0\u00bb<\/strong><\/p>\n\n\n\n<br>\n\n\n\n<div class=\"wp-block-image\"><figure class=\"aligncenter size-large is-resized\"><img decoding=\"async\" data-src=\"https:\/\/pleine-conscience.marie-collard.be\/wp-content\/uploads\/2020\/09\/zen-2907290_1920-1024x575.jpg\" alt=\"\" class=\"wp-image-485 lazyload\" width=\"254\" height=\"142\" data-srcset=\"https:\/\/pleine-conscience.marie-collard.be\/wp-content\/uploads\/2020\/09\/zen-2907290_1920-1024x575.jpg 1024w, https:\/\/pleine-conscience.marie-collard.be\/wp-content\/uploads\/2020\/09\/zen-2907290_1920-300x169.jpg 300w, https:\/\/pleine-conscience.marie-collard.be\/wp-content\/uploads\/2020\/09\/zen-2907290_1920-768x432.jpg 768w, https:\/\/pleine-conscience.marie-collard.be\/wp-content\/uploads\/2020\/09\/zen-2907290_1920-1536x863.jpg 1536w, https:\/\/pleine-conscience.marie-collard.be\/wp-content\/uploads\/2020\/09\/zen-2907290_1920-350x197.jpg 350w, https:\/\/pleine-conscience.marie-collard.be\/wp-content\/uploads\/2020\/09\/zen-2907290_1920.jpg 1920w\" data-sizes=\"(max-width: 254px) 100vw, 254px\" src=\"data:image\/svg+xml;base64,PHN2ZyB3aWR0aD0iMSIgaGVpZ2h0PSIxIiB4bWxucz0iaHR0cDovL3d3dy53My5vcmcvMjAwMC9zdmciPjwvc3ZnPg==\" style=\"--smush-placeholder-width: 254px; --smush-placeholder-aspect-ratio: 254\/142;\" \/><\/figure><\/div>\n\n\n\n<p><\/p>\n","protected":false},"excerpt":{"rendered":"<p>Jon Kabat-Zinn, m\u00e9decin et scientifique \u00e0 l&rsquo;Universit\u00e9 du Massachusetts et fondateur du programme MBSR (mindfulness-based stress reduction), d\u00e9finit la \u00ab\u00a0pleine conscience\u00a0\u00bb (ou mindfulness) comme suit : \u00ab\u00a0&#8230;diriger son attention d&rsquo;une certaine mani\u00e8re : intentionnellement, sur le moment pr\u00e9sent, et sans porter de jugement&#8230;\u00a0\u00bb Jon Kabat-Zinn (2003) Qui connait cette sensation de toujours courir apr\u00e8s le &hellip; <\/p>\n<p class=\"link-more\"><a href=\"https:\/\/pleine-conscience.marie-collard.be\/index.php\/la-pleine-conscience-qu-est-ce-que-c-est\/\" class=\"more-link\">Continuer la lecture<span class=\"screen-reader-text\"> de &laquo;&nbsp;La Pleine Conscience.&nbsp;&raquo;<\/span><\/a><\/p>\n","protected":false},"author":1,"featured_media":0,"parent":0,"menu_order":0,"comment_status":"closed","ping_status":"closed","template":"","meta":{"footnotes":""},"class_list":["post-319","page","type-page","status-publish","hentry"],"yoast_head":"<!-- This site is optimized with the Yoast SEO plugin v26.6 - https:\/\/yoast.com\/wordpress\/plugins\/seo\/ -->\n<title>La Pleine Conscience. - Marie Collard<\/title>\n<meta name=\"robots\" content=\"index, follow, max-snippet:-1, max-image-preview:large, max-video-preview:-1\" \/>\n<link rel=\"canonical\" href=\"https:\/\/pleine-conscience.marie-collard.be\/index.php\/la-pleine-conscience-qu-est-ce-que-c-est\/\" \/>\n<meta property=\"og:locale\" content=\"fr_FR\" \/>\n<meta property=\"og:type\" content=\"article\" \/>\n<meta property=\"og:title\" content=\"La Pleine Conscience. - Marie Collard\" \/>\n<meta property=\"og:description\" content=\"Jon Kabat-Zinn, m\u00e9decin et scientifique \u00e0 l&rsquo;Universit\u00e9 du Massachusetts et fondateur du programme MBSR (mindfulness-based stress reduction), d\u00e9finit la \u00ab\u00a0pleine conscience\u00a0\u00bb (ou mindfulness) comme suit : \u00ab\u00a0&#8230;diriger son attention d&rsquo;une certaine mani\u00e8re : intentionnellement, sur le moment pr\u00e9sent, et sans porter de jugement&#8230;\u00a0\u00bb Jon Kabat-Zinn (2003) Qui connait cette sensation de toujours courir apr\u00e8s le &hellip; Continuer la lecture de &laquo;&nbsp;La Pleine Conscience.&nbsp;&raquo;\" \/>\n<meta property=\"og:url\" content=\"https:\/\/pleine-conscience.marie-collard.be\/index.php\/la-pleine-conscience-qu-est-ce-que-c-est\/\" \/>\n<meta property=\"og:site_name\" content=\"Marie Collard\" \/>\n<meta property=\"article:modified_time\" content=\"2021-08-09T18:58:30+00:00\" \/>\n<meta property=\"og:image\" content=\"https:\/\/pleine-conscience.marie-collard.be\/wp-content\/uploads\/2020\/09\/hourglass-2910951_1920-1024x426.jpg\" \/>\n<meta name=\"twitter:card\" content=\"summary_large_image\" \/>\n<meta name=\"twitter:label1\" content=\"Dur\u00e9e de lecture estim\u00e9e\" \/>\n\t<meta name=\"twitter:data1\" content=\"1 minute\" \/>\n<script type=\"application\/ld+json\" class=\"yoast-schema-graph\">{\"@context\":\"https:\/\/schema.org\",\"@graph\":[{\"@type\":\"WebPage\",\"@id\":\"https:\/\/pleine-conscience.marie-collard.be\/index.php\/la-pleine-conscience-qu-est-ce-que-c-est\/\",\"url\":\"https:\/\/pleine-conscience.marie-collard.be\/index.php\/la-pleine-conscience-qu-est-ce-que-c-est\/\",\"name\":\"La Pleine Conscience. - Marie Collard\",\"isPartOf\":{\"@id\":\"https:\/\/pleine-conscience.marie-collard.be\/#website\"},\"primaryImageOfPage\":{\"@id\":\"https:\/\/pleine-conscience.marie-collard.be\/index.php\/la-pleine-conscience-qu-est-ce-que-c-est\/#primaryimage\"},\"image\":{\"@id\":\"https:\/\/pleine-conscience.marie-collard.be\/index.php\/la-pleine-conscience-qu-est-ce-que-c-est\/#primaryimage\"},\"thumbnailUrl\":\"https:\/\/pleine-conscience.marie-collard.be\/wp-content\/uploads\/2020\/09\/hourglass-2910951_1920-1024x426.jpg\",\"datePublished\":\"2020-08-28T18:14:49+00:00\",\"dateModified\":\"2021-08-09T18:58:30+00:00\",\"breadcrumb\":{\"@id\":\"https:\/\/pleine-conscience.marie-collard.be\/index.php\/la-pleine-conscience-qu-est-ce-que-c-est\/#breadcrumb\"},\"inLanguage\":\"fr-FR\",\"potentialAction\":[{\"@type\":\"ReadAction\",\"target\":[\"https:\/\/pleine-conscience.marie-collard.be\/index.php\/la-pleine-conscience-qu-est-ce-que-c-est\/\"]}]},{\"@type\":\"ImageObject\",\"inLanguage\":\"fr-FR\",\"@id\":\"https:\/\/pleine-conscience.marie-collard.be\/index.php\/la-pleine-conscience-qu-est-ce-que-c-est\/#primaryimage\",\"url\":\"https:\/\/pleine-conscience.marie-collard.be\/wp-content\/uploads\/2020\/09\/hourglass-2910951_1920-1024x426.jpg\",\"contentUrl\":\"https:\/\/pleine-conscience.marie-collard.be\/wp-content\/uploads\/2020\/09\/hourglass-2910951_1920-1024x426.jpg\"},{\"@type\":\"BreadcrumbList\",\"@id\":\"https:\/\/pleine-conscience.marie-collard.be\/index.php\/la-pleine-conscience-qu-est-ce-que-c-est\/#breadcrumb\",\"itemListElement\":[{\"@type\":\"ListItem\",\"position\":1,\"name\":\"Accueil\",\"item\":\"https:\/\/pleine-conscience.marie-collard.be\/\"},{\"@type\":\"ListItem\",\"position\":2,\"name\":\"La Pleine Conscience.\"}]},{\"@type\":\"WebSite\",\"@id\":\"https:\/\/pleine-conscience.marie-collard.be\/#website\",\"url\":\"https:\/\/pleine-conscience.marie-collard.be\/\",\"name\":\"Marie Collard\",\"description\":\"Pleine Conscience\",\"potentialAction\":[{\"@type\":\"SearchAction\",\"target\":{\"@type\":\"EntryPoint\",\"urlTemplate\":\"https:\/\/pleine-conscience.marie-collard.be\/?s={search_term_string}\"},\"query-input\":{\"@type\":\"PropertyValueSpecification\",\"valueRequired\":true,\"valueName\":\"search_term_string\"}}],\"inLanguage\":\"fr-FR\"}]}<\/script>\n<!-- \/ Yoast SEO plugin. -->","yoast_head_json":{"title":"La Pleine Conscience. - Marie Collard","robots":{"index":"index","follow":"follow","max-snippet":"max-snippet:-1","max-image-preview":"max-image-preview:large","max-video-preview":"max-video-preview:-1"},"canonical":"https:\/\/pleine-conscience.marie-collard.be\/index.php\/la-pleine-conscience-qu-est-ce-que-c-est\/","og_locale":"fr_FR","og_type":"article","og_title":"La Pleine Conscience. - Marie Collard","og_description":"Jon Kabat-Zinn, m\u00e9decin et scientifique \u00e0 l&rsquo;Universit\u00e9 du Massachusetts et fondateur du programme MBSR (mindfulness-based stress reduction), d\u00e9finit la \u00ab\u00a0pleine conscience\u00a0\u00bb (ou mindfulness) comme suit : \u00ab\u00a0&#8230;diriger son attention d&rsquo;une certaine mani\u00e8re : intentionnellement, sur le moment pr\u00e9sent, et sans porter de jugement&#8230;\u00a0\u00bb Jon Kabat-Zinn (2003) Qui connait cette sensation de toujours courir apr\u00e8s le &hellip; Continuer la lecture de &laquo;&nbsp;La Pleine Conscience.&nbsp;&raquo;","og_url":"https:\/\/pleine-conscience.marie-collard.be\/index.php\/la-pleine-conscience-qu-est-ce-que-c-est\/","og_site_name":"Marie Collard","article_modified_time":"2021-08-09T18:58:30+00:00","og_image":[{"url":"https:\/\/pleine-conscience.marie-collard.be\/wp-content\/uploads\/2020\/09\/hourglass-2910951_1920-1024x426.jpg","type":"","width":"","height":""}],"twitter_card":"summary_large_image","twitter_misc":{"Dur\u00e9e de lecture estim\u00e9e":"1 minute"},"schema":{"@context":"https:\/\/schema.org","@graph":[{"@type":"WebPage","@id":"https:\/\/pleine-conscience.marie-collard.be\/index.php\/la-pleine-conscience-qu-est-ce-que-c-est\/","url":"https:\/\/pleine-conscience.marie-collard.be\/index.php\/la-pleine-conscience-qu-est-ce-que-c-est\/","name":"La Pleine Conscience. - Marie Collard","isPartOf":{"@id":"https:\/\/pleine-conscience.marie-collard.be\/#website"},"primaryImageOfPage":{"@id":"https:\/\/pleine-conscience.marie-collard.be\/index.php\/la-pleine-conscience-qu-est-ce-que-c-est\/#primaryimage"},"image":{"@id":"https:\/\/pleine-conscience.marie-collard.be\/index.php\/la-pleine-conscience-qu-est-ce-que-c-est\/#primaryimage"},"thumbnailUrl":"https:\/\/pleine-conscience.marie-collard.be\/wp-content\/uploads\/2020\/09\/hourglass-2910951_1920-1024x426.jpg","datePublished":"2020-08-28T18:14:49+00:00","dateModified":"2021-08-09T18:58:30+00:00","breadcrumb":{"@id":"https:\/\/pleine-conscience.marie-collard.be\/index.php\/la-pleine-conscience-qu-est-ce-que-c-est\/#breadcrumb"},"inLanguage":"fr-FR","potentialAction":[{"@type":"ReadAction","target":["https:\/\/pleine-conscience.marie-collard.be\/index.php\/la-pleine-conscience-qu-est-ce-que-c-est\/"]}]},{"@type":"ImageObject","inLanguage":"fr-FR","@id":"https:\/\/pleine-conscience.marie-collard.be\/index.php\/la-pleine-conscience-qu-est-ce-que-c-est\/#primaryimage","url":"https:\/\/pleine-conscience.marie-collard.be\/wp-content\/uploads\/2020\/09\/hourglass-2910951_1920-1024x426.jpg","contentUrl":"https:\/\/pleine-conscience.marie-collard.be\/wp-content\/uploads\/2020\/09\/hourglass-2910951_1920-1024x426.jpg"},{"@type":"BreadcrumbList","@id":"https:\/\/pleine-conscience.marie-collard.be\/index.php\/la-pleine-conscience-qu-est-ce-que-c-est\/#breadcrumb","itemListElement":[{"@type":"ListItem","position":1,"name":"Accueil","item":"https:\/\/pleine-conscience.marie-collard.be\/"},{"@type":"ListItem","position":2,"name":"La Pleine Conscience."}]},{"@type":"WebSite","@id":"https:\/\/pleine-conscience.marie-collard.be\/#website","url":"https:\/\/pleine-conscience.marie-collard.be\/","name":"Marie Collard","description":"Pleine Conscience","potentialAction":[{"@type":"SearchAction","target":{"@type":"EntryPoint","urlTemplate":"https:\/\/pleine-conscience.marie-collard.be\/?s={search_term_string}"},"query-input":{"@type":"PropertyValueSpecification","valueRequired":true,"valueName":"search_term_string"}}],"inLanguage":"fr-FR"}]}},"jetpack_sharing_enabled":true,"_links":{"self":[{"href":"https:\/\/pleine-conscience.marie-collard.be\/index.php\/wp-json\/wp\/v2\/pages\/319","targetHints":{"allow":["GET"]}}],"collection":[{"href":"https:\/\/pleine-conscience.marie-collard.be\/index.php\/wp-json\/wp\/v2\/pages"}],"about":[{"href":"https:\/\/pleine-conscience.marie-collard.be\/index.php\/wp-json\/wp\/v2\/types\/page"}],"author":[{"embeddable":true,"href":"https:\/\/pleine-conscience.marie-collard.be\/index.php\/wp-json\/wp\/v2\/users\/1"}],"replies":[{"embeddable":true,"href":"https:\/\/pleine-conscience.marie-collard.be\/index.php\/wp-json\/wp\/v2\/comments?post=319"}],"version-history":[{"count":23,"href":"https:\/\/pleine-conscience.marie-collard.be\/index.php\/wp-json\/wp\/v2\/pages\/319\/revisions"}],"predecessor-version":[{"id":1191,"href":"https:\/\/pleine-conscience.marie-collard.be\/index.php\/wp-json\/wp\/v2\/pages\/319\/revisions\/1191"}],"wp:attachment":[{"href":"https:\/\/pleine-conscience.marie-collard.be\/index.php\/wp-json\/wp\/v2\/media?parent=319"}],"curies":[{"name":"wp","href":"https:\/\/api.w.org\/{rel}","templated":true}]}}