{"id":1324,"date":"2022-01-13T16:17:16","date_gmt":"2022-01-13T15:17:16","guid":{"rendered":"https:\/\/pleine-conscience.marie-collard.be\/?page_id=1324"},"modified":"2022-01-13T18:49:02","modified_gmt":"2022-01-13T17:49:02","slug":"lectures","status":"publish","type":"page","link":"https:\/\/pleine-conscience.marie-collard.be\/index.php\/lectures\/","title":{"rendered":"Lectures"},"content":{"rendered":"\n<div class=\"wp-block-group\"><div class=\"wp-block-group__inner-container is-layout-flow wp-block-group-is-layout-flow\">\n<p class=\"has-medium-font-size\">RALENTIR ET VIVRE EN PLEINE CONSCIENCE<\/p>\n\n\n\n<p>Vite pr\u00e9parer les tartines des enfants le matin, vite monter dans la voiture pour se rendre \u00e0 l\u2019\u00e9cole, vite passer sur la chauss\u00e9e, \u00abbip\u00bb d\u00e9j\u00e0 un mail, vite un dernier bisou, vite arriver au bureau, vite un caf\u00e9, vite relire mes notes pour cette r\u00e9union, vite convaincre ces gens, vite manger en lisant mes messages sur mon smartphone, vite, et ce chef qui ne comprend rien! \u2026 d\u00e9j\u00e0 l\u2019heure, vite reprendre les enfants \u00e0 la garderie, vite v\u00e9rifier les devoirs tout en pr\u00e9parant le repas, vite \u00ab\u00e0 table!\u00bb, vite le bain, zut mon linge dans la machine ! \u2026 vite une petite s\u00e9rie, vite au lit\u2026<\/p>\n\n\n\n<h4 class=\"wp-block-heading\"><strong>Et le lendemain on recommence\u2026<\/strong><\/h4>\n\n\n\n<p>Telle est la vie que beaucoup d\u2019entre nous connaissent, subissent, ou s\u2019infligent\u2026 En tout cas, c\u2019\u00e9tait la mienne, et j\u2019\u00e9tais fi\u00e8re de tout ce que j\u2019accomplissais, jour apr\u00e8s jour. \u2026 Et s\u2019il y avait moyen de faire autrement \u2026<\/p>\n\n\n\n<p>Et si plut\u00f4t que de&nbsp;<strong>vivre pour \u00abfaire\u00bb<\/strong>&nbsp;toujours plus, nous pouvions plut\u00f4t&nbsp;<strong>\u00ab\u00eatre\u00bb qui nous sommes<\/strong>.<\/p>\n\n\n\n<h2 class=\"wp-block-heading\">Mais comment?<\/h2>\n\n\n\n<p>Dans cette soci\u00e9t\u00e9, nous nous d\u00e9finissons souvent par nos actes: \u00abTu fais quoi dans la vie?\u00bb. Au plus nous en faisons, au plus nous nous sentons importants! Et c\u2019est l\u00e0 que j\u2019ai crois\u00e9 la pleine conscience avec la proposition suivante: inversons notre paradigme et d\u00e9couvrons qui nous sommes vraiment pour ensuite agir en accord avec notre \u00eatre profond.<\/p>\n\n\n\n<p><strong><em>\u00ab\u00a0La pleine conscience est cette capacit\u00e9 que nous avons de diriger notre attention, intentionnellement, sur l\u2019instant pr\u00e9sent et sans porter de jugement.\u00a0\u00bb<\/em><\/strong><\/p>\n\n\n\n<p>(Jon Kabat-Zinn, 2003)<\/p>\n\n\n\n<p>C\u2019est un travail qui demande d\u2019aller \u00e0&nbsp;<strong>la rencontre de notre \u00e2me<\/strong>, au-del\u00e0 de&nbsp;<strong>nos opinions<\/strong>, au-del\u00e0 de&nbsp;<strong>notre v\u00e9cu<\/strong>\u2026 Bien cach\u00e9e au c\u0153ur de nous-m\u00eame, lorsque nous nous ancrons dans l\u2019instant pr\u00e9sent, se trouve la&nbsp;<strong>s\u00e9r\u00e9nit\u00e9<\/strong>.<\/p>\n\n\n\n<p>Alors, aujourd\u2019hui, je ralentis\u2026 je me re-d\u00e9couvre par la pleine conscience.<br>Elle m\u2019invite \u00e0 me reconnecter \u00e0 mes sensations, \u00e0 accepter ce qui est l\u00e0 avec bienveillance, plut\u00f4t que de lutter. Elle me relie \u00e0 ma curiosit\u00e9, parfois oubli\u00e9e, et me permet de voir avec des yeux neufs le monde et ma relation \u00e0 celui-ci. Elle me conduit vers davantage de bien-\u00eatre au quotidien.<\/p>\n\n\n\n<p>Plus qu\u2019une technique parmi tant d\u2019autres, il s\u2019agit d\u2019un art de vivre: partager notre petit-d\u00e9jeuner en famille, discuter dans la voiture et peut-\u00eatre m\u2019\u00e9merveiller du soleil qui se l\u00e8ve <em>\/pause\/<\/em> embrasser mes enfants et sentir le doux parfum de leurs cheveux <em>\/pause\/ <\/em>dire\u00a0<strong>un vrai \u00abbon-jour\u00bb<\/strong>\u00a0\u00e0 mes coll\u00e8gues <em>\/pause\/<\/em> remarquer par la fen\u00eatre les feuilles des arbres qui changent de couleur, partager cette r\u00e9union, \u00eatre \u00e0 l\u2019\u00e9coute <em>\/pause\/<\/em> donner mon avis \u00e9clair\u00e9 si c\u2019est opportun, \u2026 et demain, une autre journ\u00e9e toute neuve \u2026<\/p>\n\n\n\n<p>Marie Collard <br> <br><\/p>\n<\/div><\/div>\n\n\n<hr>\n\n\n<p class=\"has-medium-font-size\">Autres propositions de lecture : <\/p>\n\n\n\n<ul style=\"padding:20px\">\n<li>Christophe Andr\u00e9 (2011), \u00ab&nbsp;M\u00e9diter jour apr\u00e8s jour&nbsp;\u00bb, iconoclaste (+CD audio et MP3) Les Ar\u00e8nes<\/li>\n<li>Christophe Andr\u00e9, Jon Kabat-Zinn, Pierre Rahbi, Matthieu Ricard (2015), \u00ab&nbsp;Se changer, changer le monde&nbsp;\u00bb J\u2019ai lu (Poche)<\/li>\n<li>Bob Stahl et Elisha Goldstein (2017), \u00ab&nbsp;La vie en pleine conscience&nbsp;\u00bb (+ CD audio et MP3)&nbsp;Les Ar\u00e8nes<\/li>\n<li>Jon Kabat-Zinn (2017), \u00ab&nbsp;Au coeur de la tourmente, la pleine conscience&nbsp;\u00bb&nbsp;De boeck sup\u00e9rieur<\/li>\n<li>Jon Kabat-Zinn (2011), \u00ab&nbsp;M\u00e9diter, 108 le\u00e7ons de pleine conscience&nbsp;\u00bb (+ CD audio et MP3)&nbsp;Marabout<\/li>\n<li>Dr Steven Laureys (2019), \u00ab&nbsp;La m\u00e9ditation c\u2019est bon pour le cerveau&nbsp;\u00bb Odile Jacob<\/li>\n<\/ul>\n\n\n<p><\/p>\n\n\n<p><\/p>\n","protected":false},"excerpt":{"rendered":"<p>RALENTIR ET VIVRE EN PLEINE CONSCIENCE Vite pr\u00e9parer les tartines des enfants le matin, vite monter dans la voiture pour se rendre \u00e0 l\u2019\u00e9cole, vite passer sur la chauss\u00e9e, \u00abbip\u00bb d\u00e9j\u00e0 un mail, vite un dernier bisou, vite arriver au bureau, vite un caf\u00e9, vite relire mes notes pour cette r\u00e9union, vite convaincre ces gens, &hellip; <\/p>\n<p class=\"link-more\"><a href=\"https:\/\/pleine-conscience.marie-collard.be\/index.php\/lectures\/\" class=\"more-link\">Continuer la lecture<span class=\"screen-reader-text\"> de &laquo;&nbsp;Lectures&nbsp;&raquo;<\/span><\/a><\/p>\n","protected":false},"author":2,"featured_media":0,"parent":0,"menu_order":0,"comment_status":"closed","ping_status":"closed","template":"","meta":{"footnotes":""},"class_list":["post-1324","page","type-page","status-publish","hentry"],"yoast_head":"<!-- This site is optimized with the Yoast SEO plugin v26.6 - https:\/\/yoast.com\/wordpress\/plugins\/seo\/ -->\n<title>Lectures - Marie Collard<\/title>\n<meta name=\"robots\" content=\"index, follow, max-snippet:-1, max-image-preview:large, max-video-preview:-1\" \/>\n<link rel=\"canonical\" href=\"https:\/\/pleine-conscience.marie-collard.be\/index.php\/lectures\/\" \/>\n<meta property=\"og:locale\" content=\"fr_FR\" \/>\n<meta property=\"og:type\" content=\"article\" \/>\n<meta property=\"og:title\" content=\"Lectures - Marie Collard\" \/>\n<meta property=\"og:description\" content=\"RALENTIR ET VIVRE EN PLEINE CONSCIENCE Vite pr\u00e9parer les tartines des enfants le matin, vite monter dans la voiture pour se rendre \u00e0 l\u2019\u00e9cole, vite passer sur la chauss\u00e9e, \u00abbip\u00bb d\u00e9j\u00e0 un mail, vite un dernier bisou, vite arriver au bureau, vite un caf\u00e9, vite relire mes notes pour cette r\u00e9union, vite convaincre ces gens, &hellip; Continuer la lecture de &laquo;&nbsp;Lectures&nbsp;&raquo;\" \/>\n<meta property=\"og:url\" content=\"https:\/\/pleine-conscience.marie-collard.be\/index.php\/lectures\/\" \/>\n<meta property=\"og:site_name\" content=\"Marie Collard\" \/>\n<meta property=\"article:modified_time\" content=\"2022-01-13T17:49:02+00:00\" \/>\n<meta name=\"twitter:card\" content=\"summary_large_image\" \/>\n<meta name=\"twitter:label1\" content=\"Dur\u00e9e de lecture estim\u00e9e\" \/>\n\t<meta name=\"twitter:data1\" content=\"3 minutes\" \/>\n<script type=\"application\/ld+json\" class=\"yoast-schema-graph\">{\"@context\":\"https:\/\/schema.org\",\"@graph\":[{\"@type\":\"WebPage\",\"@id\":\"https:\/\/pleine-conscience.marie-collard.be\/index.php\/lectures\/\",\"url\":\"https:\/\/pleine-conscience.marie-collard.be\/index.php\/lectures\/\",\"name\":\"Lectures - Marie Collard\",\"isPartOf\":{\"@id\":\"https:\/\/pleine-conscience.marie-collard.be\/#website\"},\"datePublished\":\"2022-01-13T15:17:16+00:00\",\"dateModified\":\"2022-01-13T17:49:02+00:00\",\"breadcrumb\":{\"@id\":\"https:\/\/pleine-conscience.marie-collard.be\/index.php\/lectures\/#breadcrumb\"},\"inLanguage\":\"fr-FR\",\"potentialAction\":[{\"@type\":\"ReadAction\",\"target\":[\"https:\/\/pleine-conscience.marie-collard.be\/index.php\/lectures\/\"]}]},{\"@type\":\"BreadcrumbList\",\"@id\":\"https:\/\/pleine-conscience.marie-collard.be\/index.php\/lectures\/#breadcrumb\",\"itemListElement\":[{\"@type\":\"ListItem\",\"position\":1,\"name\":\"Accueil\",\"item\":\"https:\/\/pleine-conscience.marie-collard.be\/\"},{\"@type\":\"ListItem\",\"position\":2,\"name\":\"Lectures\"}]},{\"@type\":\"WebSite\",\"@id\":\"https:\/\/pleine-conscience.marie-collard.be\/#website\",\"url\":\"https:\/\/pleine-conscience.marie-collard.be\/\",\"name\":\"Marie Collard\",\"description\":\"Pleine Conscience\",\"potentialAction\":[{\"@type\":\"SearchAction\",\"target\":{\"@type\":\"EntryPoint\",\"urlTemplate\":\"https:\/\/pleine-conscience.marie-collard.be\/?s={search_term_string}\"},\"query-input\":{\"@type\":\"PropertyValueSpecification\",\"valueRequired\":true,\"valueName\":\"search_term_string\"}}],\"inLanguage\":\"fr-FR\"}]}<\/script>\n<!-- \/ Yoast SEO plugin. -->","yoast_head_json":{"title":"Lectures - Marie Collard","robots":{"index":"index","follow":"follow","max-snippet":"max-snippet:-1","max-image-preview":"max-image-preview:large","max-video-preview":"max-video-preview:-1"},"canonical":"https:\/\/pleine-conscience.marie-collard.be\/index.php\/lectures\/","og_locale":"fr_FR","og_type":"article","og_title":"Lectures - Marie Collard","og_description":"RALENTIR ET VIVRE EN PLEINE CONSCIENCE Vite pr\u00e9parer les tartines des enfants le matin, vite monter dans la voiture pour se rendre \u00e0 l\u2019\u00e9cole, vite passer sur la chauss\u00e9e, \u00abbip\u00bb d\u00e9j\u00e0 un mail, vite un dernier bisou, vite arriver au bureau, vite un caf\u00e9, vite relire mes notes pour cette r\u00e9union, vite convaincre ces gens, &hellip; Continuer la lecture de &laquo;&nbsp;Lectures&nbsp;&raquo;","og_url":"https:\/\/pleine-conscience.marie-collard.be\/index.php\/lectures\/","og_site_name":"Marie Collard","article_modified_time":"2022-01-13T17:49:02+00:00","twitter_card":"summary_large_image","twitter_misc":{"Dur\u00e9e de lecture estim\u00e9e":"3 minutes"},"schema":{"@context":"https:\/\/schema.org","@graph":[{"@type":"WebPage","@id":"https:\/\/pleine-conscience.marie-collard.be\/index.php\/lectures\/","url":"https:\/\/pleine-conscience.marie-collard.be\/index.php\/lectures\/","name":"Lectures - Marie Collard","isPartOf":{"@id":"https:\/\/pleine-conscience.marie-collard.be\/#website"},"datePublished":"2022-01-13T15:17:16+00:00","dateModified":"2022-01-13T17:49:02+00:00","breadcrumb":{"@id":"https:\/\/pleine-conscience.marie-collard.be\/index.php\/lectures\/#breadcrumb"},"inLanguage":"fr-FR","potentialAction":[{"@type":"ReadAction","target":["https:\/\/pleine-conscience.marie-collard.be\/index.php\/lectures\/"]}]},{"@type":"BreadcrumbList","@id":"https:\/\/pleine-conscience.marie-collard.be\/index.php\/lectures\/#breadcrumb","itemListElement":[{"@type":"ListItem","position":1,"name":"Accueil","item":"https:\/\/pleine-conscience.marie-collard.be\/"},{"@type":"ListItem","position":2,"name":"Lectures"}]},{"@type":"WebSite","@id":"https:\/\/pleine-conscience.marie-collard.be\/#website","url":"https:\/\/pleine-conscience.marie-collard.be\/","name":"Marie Collard","description":"Pleine Conscience","potentialAction":[{"@type":"SearchAction","target":{"@type":"EntryPoint","urlTemplate":"https:\/\/pleine-conscience.marie-collard.be\/?s={search_term_string}"},"query-input":{"@type":"PropertyValueSpecification","valueRequired":true,"valueName":"search_term_string"}}],"inLanguage":"fr-FR"}]}},"jetpack_sharing_enabled":true,"_links":{"self":[{"href":"https:\/\/pleine-conscience.marie-collard.be\/index.php\/wp-json\/wp\/v2\/pages\/1324","targetHints":{"allow":["GET"]}}],"collection":[{"href":"https:\/\/pleine-conscience.marie-collard.be\/index.php\/wp-json\/wp\/v2\/pages"}],"about":[{"href":"https:\/\/pleine-conscience.marie-collard.be\/index.php\/wp-json\/wp\/v2\/types\/page"}],"author":[{"embeddable":true,"href":"https:\/\/pleine-conscience.marie-collard.be\/index.php\/wp-json\/wp\/v2\/users\/2"}],"replies":[{"embeddable":true,"href":"https:\/\/pleine-conscience.marie-collard.be\/index.php\/wp-json\/wp\/v2\/comments?post=1324"}],"version-history":[{"count":19,"href":"https:\/\/pleine-conscience.marie-collard.be\/index.php\/wp-json\/wp\/v2\/pages\/1324\/revisions"}],"predecessor-version":[{"id":1351,"href":"https:\/\/pleine-conscience.marie-collard.be\/index.php\/wp-json\/wp\/v2\/pages\/1324\/revisions\/1351"}],"wp:attachment":[{"href":"https:\/\/pleine-conscience.marie-collard.be\/index.php\/wp-json\/wp\/v2\/media?parent=1324"}],"curies":[{"name":"wp","href":"https:\/\/api.w.org\/{rel}","templated":true}]}}